{"id":76,"date":"2024-04-20T08:29:33","date_gmt":"2024-04-20T08:29:33","guid":{"rendered":"https:\/\/gasati.pt\/?product=gas-r32-10kg"},"modified":"2024-07-01T13:53:02","modified_gmt":"2024-07-01T13:53:02","slug":"gas-r32-10kg","status":"publish","type":"product","link":"https:\/\/gasati.pt\/?product=gas-r32-10kg","title":{"rendered":"G\u00e0s R32 &#8211; 10kg"},"content":{"rendered":"<p>O g\u00e1s refrigerante <strong>R32<\/strong> \u00e9 um HFC puro, que possui 0 destrui\u00e7\u00e3o de oz\u00f4nio e baixo GWP, por isso \u00e9 utilizado principalmente em novos equipamentos pequenos de ar condicionado e refrigera\u00e7\u00e3o, al\u00e9m de ser utilizado como componente para misturas de HFC.<\/p>\n<p>Venda apenas a profissionais e empresas homologadas.<br \/>\nSe fizer uma encomenda, entraremos em contacto para emitir uma fatura final e solicitar o seu cart\u00e3o gestor de g\u00e1s, RITE ou CAF.<\/p>\n<p>O c\u00f3digo de atividade CAF ou G\u00e1s Fluorado \u00e9 uma lista de n\u00fameros que credenciam uma empresa ou pessoa f\u00edsica para exercer uma atividade com este produto e que, estando em dia com suas obriga\u00e7\u00f5es fiscais, pode adquirir o produto sem pagar as taxas correspondentes ao &#8216; avan\u00e7ar . .<\/p>\n","protected":false},"excerpt":{"rendered":"<p>O g\u00e1s refrigerante R32 \u00e9 um HFC puro, que possui 0 destrui\u00e7\u00e3o de oz\u00f4nio e baixo GWP, por isso \u00e9 utilizado principalmente em novos equipamentos pequenos de ar condicionado e refrigera\u00e7\u00e3o, al\u00e9m de ser utilizado como componente para misturas de HFC. Venda apenas a profissionais e empresas homologadas. Se fizer uma encomenda, entraremos em contacto [&hellip;]<\/p>\n","protected":false},"featured_media":75,"comment_status":"open","ping_status":"closed","template":"","meta":[],"product_cat":[19],"product_tag":[],"class_list":{"0":"post-76","1":"product","2":"type-product","3":"status-publish","4":"has-post-thumbnail","6":"product_cat-gas-refrigerante","8":"first","9":"instock","10":"shipping-taxable","11":"product-type-simple"},"yoast_head":"<!-- This site is optimized with the Yoast SEO plugin v22.4 - https:\/\/yoast.com\/wordpress\/plugins\/seo\/ -->\n<title>G\u00e0s R32 - 10kg - Gasati<\/title>\n<meta name=\"robots\" content=\"index, follow, max-snippet:-1, max-image-preview:large, max-video-preview:-1\" \/>\n<link rel=\"canonical\" href=\"https:\/\/gasati.pt\/?product=gas-r32-10kg\" \/>\n<meta property=\"og:locale\" content=\"pt_PT\" \/>\n<meta property=\"og:type\" content=\"article\" \/>\n<meta property=\"og:title\" content=\"G\u00e0s R32 - 10kg - Gasati\" \/>\n<meta property=\"og:description\" content=\"O g\u00e1s refrigerante R32 \u00e9 um HFC puro, que possui 0 destrui\u00e7\u00e3o de oz\u00f4nio e baixo GWP, por isso \u00e9 utilizado principalmente em novos equipamentos pequenos de ar condicionado e refrigera\u00e7\u00e3o, al\u00e9m de ser utilizado como componente para misturas de HFC. Venda apenas a profissionais e empresas homologadas. Se fizer uma encomenda, entraremos em contacto [&hellip;]\" \/>\n<meta property=\"og:url\" content=\"https:\/\/gasati.pt\/?product=gas-r32-10kg\" \/>\n<meta property=\"og:site_name\" content=\"Gasati\" \/>\n<meta property=\"article:modified_time\" content=\"2024-07-01T13:53:02+00:00\" \/>\n<meta property=\"og:image\" content=\"https:\/\/gasati.pt\/wp-content\/uploads\/2024\/04\/Red-Bottle.png\" \/>\n\t<meta property=\"og:image:width\" content=\"750\" \/>\n\t<meta property=\"og:image:height\" content=\"750\" \/>\n\t<meta property=\"og:image:type\" content=\"image\/png\" \/>\n<meta name=\"twitter:card\" content=\"summary_large_image\" \/>\n<meta name=\"twitter:label1\" content=\"Est. reading time\" \/>\n\t<meta name=\"twitter:data1\" content=\"1 minuto\" \/>\n<script type=\"application\/ld+json\" class=\"yoast-schema-graph\">{\"@context\":\"https:\/\/schema.org\",\"@graph\":[{\"@type\":\"WebPage\",\"@id\":\"https:\/\/gasati.pt\/?product=gas-r32-10kg\",\"url\":\"https:\/\/gasati.pt\/?product=gas-r32-10kg\",\"name\":\"G\u00e0s R32 - 10kg - Gasati\",\"isPartOf\":{\"@id\":\"https:\/\/gasati.pt\/#website\"},\"primaryImageOfPage\":{\"@id\":\"https:\/\/gasati.pt\/?product=gas-r32-10kg#primaryimage\"},\"image\":{\"@id\":\"https:\/\/gasati.pt\/?product=gas-r32-10kg#primaryimage\"},\"thumbnailUrl\":\"https:\/\/gasati.pt\/wp-content\/uploads\/2024\/04\/Red-Bottle.png\",\"datePublished\":\"2024-04-20T08:29:33+00:00\",\"dateModified\":\"2024-07-01T13:53:02+00:00\",\"breadcrumb\":{\"@id\":\"https:\/\/gasati.pt\/?product=gas-r32-10kg#breadcrumb\"},\"inLanguage\":\"pt-PT\",\"potentialAction\":[{\"@type\":\"ReadAction\",\"target\":[\"https:\/\/gasati.pt\/?product=gas-r32-10kg\"]}]},{\"@type\":\"ImageObject\",\"inLanguage\":\"pt-PT\",\"@id\":\"https:\/\/gasati.pt\/?product=gas-r32-10kg#primaryimage\",\"url\":\"https:\/\/gasati.pt\/wp-content\/uploads\/2024\/04\/Red-Bottle.png\",\"contentUrl\":\"https:\/\/gasati.pt\/wp-content\/uploads\/2024\/04\/Red-Bottle.png\",\"width\":750,\"height\":750},{\"@type\":\"BreadcrumbList\",\"@id\":\"https:\/\/gasati.pt\/?product=gas-r32-10kg#breadcrumb\",\"itemListElement\":[{\"@type\":\"ListItem\",\"position\":1,\"name\":\"Home\",\"item\":\"https:\/\/gasati.pt\/\"},{\"@type\":\"ListItem\",\"position\":2,\"name\":\"G\u00e0s R32 &#8211; 10kg\"}]},{\"@type\":\"WebSite\",\"@id\":\"https:\/\/gasati.pt\/#website\",\"url\":\"https:\/\/gasati.pt\/\",\"name\":\"Gasati\",\"description\":\"\",\"publisher\":{\"@id\":\"https:\/\/gasati.pt\/#organization\"},\"potentialAction\":[{\"@type\":\"SearchAction\",\"target\":{\"@type\":\"EntryPoint\",\"urlTemplate\":\"https:\/\/gasati.pt\/?s={search_term_string}\"},\"query-input\":\"required name=search_term_string\"}],\"inLanguage\":\"pt-PT\"},{\"@type\":\"Organization\",\"@id\":\"https:\/\/gasati.pt\/#organization\",\"name\":\"Gasati\",\"url\":\"https:\/\/gasati.pt\/\",\"logo\":{\"@type\":\"ImageObject\",\"inLanguage\":\"pt-PT\",\"@id\":\"https:\/\/gasati.pt\/#\/schema\/logo\/image\/\",\"url\":\"https:\/\/gasati.pt\/wp-content\/uploads\/2025\/02\/cropped-cropped-Gasati-Logo-3.png\",\"contentUrl\":\"https:\/\/gasati.pt\/wp-content\/uploads\/2025\/02\/cropped-cropped-Gasati-Logo-3.png\",\"width\":1500,\"height\":430,\"caption\":\"Gasati\"},\"image\":{\"@id\":\"https:\/\/gasati.pt\/#\/schema\/logo\/image\/\"}}]}<\/script>\n<!-- \/ Yoast SEO plugin. -->","yoast_head_json":{"title":"G\u00e0s R32 - 10kg - Gasati","robots":{"index":"index","follow":"follow","max-snippet":"max-snippet:-1","max-image-preview":"max-image-preview:large","max-video-preview":"max-video-preview:-1"},"canonical":"https:\/\/gasati.pt\/?product=gas-r32-10kg","og_locale":"pt_PT","og_type":"article","og_title":"G\u00e0s R32 - 10kg - Gasati","og_description":"O g\u00e1s refrigerante R32 \u00e9 um HFC puro, que possui 0 destrui\u00e7\u00e3o de oz\u00f4nio e baixo GWP, por isso \u00e9 utilizado principalmente em novos equipamentos pequenos de ar condicionado e refrigera\u00e7\u00e3o, al\u00e9m de ser utilizado como componente para misturas de HFC. Venda apenas a profissionais e empresas homologadas. Se fizer uma encomenda, entraremos em contacto [&hellip;]","og_url":"https:\/\/gasati.pt\/?product=gas-r32-10kg","og_site_name":"Gasati","article_modified_time":"2024-07-01T13:53:02+00:00","og_image":[{"width":750,"height":750,"url":"https:\/\/gasati.pt\/wp-content\/uploads\/2024\/04\/Red-Bottle.png","type":"image\/png"}],"twitter_card":"summary_large_image","twitter_misc":{"Est. reading time":"1 minuto"},"schema":{"@context":"https:\/\/schema.org","@graph":[{"@type":"WebPage","@id":"https:\/\/gasati.pt\/?product=gas-r32-10kg","url":"https:\/\/gasati.pt\/?product=gas-r32-10kg","name":"G\u00e0s R32 - 10kg - Gasati","isPartOf":{"@id":"https:\/\/gasati.pt\/#website"},"primaryImageOfPage":{"@id":"https:\/\/gasati.pt\/?product=gas-r32-10kg#primaryimage"},"image":{"@id":"https:\/\/gasati.pt\/?product=gas-r32-10kg#primaryimage"},"thumbnailUrl":"https:\/\/gasati.pt\/wp-content\/uploads\/2024\/04\/Red-Bottle.png","datePublished":"2024-04-20T08:29:33+00:00","dateModified":"2024-07-01T13:53:02+00:00","breadcrumb":{"@id":"https:\/\/gasati.pt\/?product=gas-r32-10kg#breadcrumb"},"inLanguage":"pt-PT","potentialAction":[{"@type":"ReadAction","target":["https:\/\/gasati.pt\/?product=gas-r32-10kg"]}]},{"@type":"ImageObject","inLanguage":"pt-PT","@id":"https:\/\/gasati.pt\/?product=gas-r32-10kg#primaryimage","url":"https:\/\/gasati.pt\/wp-content\/uploads\/2024\/04\/Red-Bottle.png","contentUrl":"https:\/\/gasati.pt\/wp-content\/uploads\/2024\/04\/Red-Bottle.png","width":750,"height":750},{"@type":"BreadcrumbList","@id":"https:\/\/gasati.pt\/?product=gas-r32-10kg#breadcrumb","itemListElement":[{"@type":"ListItem","position":1,"name":"Home","item":"https:\/\/gasati.pt\/"},{"@type":"ListItem","position":2,"name":"G\u00e0s R32 &#8211; 10kg"}]},{"@type":"WebSite","@id":"https:\/\/gasati.pt\/#website","url":"https:\/\/gasati.pt\/","name":"Gasati","description":"","publisher":{"@id":"https:\/\/gasati.pt\/#organization"},"potentialAction":[{"@type":"SearchAction","target":{"@type":"EntryPoint","urlTemplate":"https:\/\/gasati.pt\/?s={search_term_string}"},"query-input":"required name=search_term_string"}],"inLanguage":"pt-PT"},{"@type":"Organization","@id":"https:\/\/gasati.pt\/#organization","name":"Gasati","url":"https:\/\/gasati.pt\/","logo":{"@type":"ImageObject","inLanguage":"pt-PT","@id":"https:\/\/gasati.pt\/#\/schema\/logo\/image\/","url":"https:\/\/gasati.pt\/wp-content\/uploads\/2025\/02\/cropped-cropped-Gasati-Logo-3.png","contentUrl":"https:\/\/gasati.pt\/wp-content\/uploads\/2025\/02\/cropped-cropped-Gasati-Logo-3.png","width":1500,"height":430,"caption":"Gasati"},"image":{"@id":"https:\/\/gasati.pt\/#\/schema\/logo\/image\/"}}]}},"_links":{"self":[{"href":"https:\/\/gasati.pt\/index.php?rest_route=\/wp\/v2\/product\/76","targetHints":{"allow":["GET"]}}],"collection":[{"href":"https:\/\/gasati.pt\/index.php?rest_route=\/wp\/v2\/product"}],"about":[{"href":"https:\/\/gasati.pt\/index.php?rest_route=\/wp\/v2\/types\/product"}],"replies":[{"embeddable":true,"href":"https:\/\/gasati.pt\/index.php?rest_route=%2Fwp%2Fv2%2Fcomments&post=76"}],"wp:featuredmedia":[{"embeddable":true,"href":"https:\/\/gasati.pt\/index.php?rest_route=\/wp\/v2\/media\/75"}],"wp:attachment":[{"href":"https:\/\/gasati.pt\/index.php?rest_route=%2Fwp%2Fv2%2Fmedia&parent=76"}],"wp:term":[{"taxonomy":"product_cat","embeddable":true,"href":"https:\/\/gasati.pt\/index.php?rest_route=%2Fwp%2Fv2%2Fproduct_cat&post=76"},{"taxonomy":"product_tag","embeddable":true,"href":"https:\/\/gasati.pt\/index.php?rest_route=%2Fwp%2Fv2%2Fproduct_tag&post=76"}],"curies":[{"name":"wp","href":"https:\/\/api.w.org\/{rel}","templated":true}]}}